{"id":1142,"date":"2024-08-09T15:53:44","date_gmt":"2024-08-09T15:53:44","guid":{"rendered":"https:\/\/merakaihostel.com\/?page_id=1142"},"modified":"2024-09-03T16:42:15","modified_gmt":"2024-09-03T16:42:15","slug":"politicas-de-privacidad","status":"publish","type":"page","link":"https:\/\/merakaihostel.com\/en\/politicas-de-privacidad\/","title":{"rendered":"Privacy Policies"},"content":{"rendered":"<div data-elementor-type=\"wp-page\" data-elementor-id=\"1142\" class=\"elementor elementor-1142\" data-elementor-post-type=\"page\">\n\t\t\t\t\t\t<section class=\"elementor-section elementor-top-section elementor-element elementor-element-e3dbb8a elementor-section-height-min-height elementor-section-boxed elementor-section-height-default elementor-section-items-middle wpr-particle-no wpr-jarallax-no wpr-parallax-no wpr-sticky-section-no\" data-id=\"e3dbb8a\" data-element_type=\"section\" data-settings=\"{&quot;background_background&quot;:&quot;slideshow&quot;,&quot;background_slideshow_gallery&quot;:[{&quot;id&quot;:1110,&quot;url&quot;:&quot;https:\\\/\\\/merakaihostel.com\\\/wp-content\\\/uploads\\\/2024\\\/08\\\/Captura-de-pantalla-2024-08-08-135033.png&quot;},{&quot;id&quot;:976,&quot;url&quot;:&quot;https:\\\/\\\/merakaihostel.com\\\/wp-content\\\/uploads\\\/2024\\\/08\\\/Diseno-sin-titulo-18.png&quot;}],&quot;background_slideshow_slide_transition&quot;:&quot;slide_left&quot;,&quot;background_slideshow_lazyload&quot;:&quot;yes&quot;,&quot;background_slideshow_ken_burns&quot;:&quot;yes&quot;,&quot;background_slideshow_loop&quot;:&quot;yes&quot;,&quot;background_slideshow_slide_duration&quot;:5000,&quot;background_slideshow_transition_duration&quot;:500,&quot;background_slideshow_ken_burns_zoom_direction&quot;:&quot;in&quot;}\">\n\t\t\t\t\t\t\t<div class=\"elementor-background-overlay\"><\/div>\n\t\t\t\t\t\t\t<div class=\"elementor-container elementor-column-gap-wider\">\n\t\t\t\t\t<div class=\"elementor-column elementor-col-50 elementor-top-column elementor-element elementor-element-343bd861\" data-id=\"343bd861\" data-element_type=\"column\">\n\t\t\t<div class=\"elementor-widget-wrap elementor-element-populated\">\n\t\t\t\t\t\t<div class=\"elementor-element elementor-element-776a0687 elementor-widget elementor-widget-heading\" data-id=\"776a0687\" data-element_type=\"widget\" data-widget_type=\"heading.default\">\n\t\t\t\t<div class=\"elementor-widget-container\">\n\t\t\t\t\t<h2 class=\"elementor-heading-title elementor-size-default\">Privacy Policies<\/h2>\t\t\t\t<\/div>\n\t\t\t\t<\/div>\n\t\t\t\t<div class=\"elementor-element elementor-element-7c601c3a elementor-widget-divider--view-line elementor-widget elementor-widget-divider\" data-id=\"7c601c3a\" data-element_type=\"widget\" data-widget_type=\"divider.default\">\n\t\t\t\t<div class=\"elementor-widget-container\">\n\t\t\t\t\t\t\t<div class=\"elementor-divider\">\n\t\t\t<span class=\"elementor-divider-separator\">\n\t\t\t\t\t\t<\/span>\n\t\t<\/div>\n\t\t\t\t\t\t<\/div>\n\t\t\t\t<\/div>\n\t\t\t\t\t<\/div>\n\t\t<\/div>\n\t\t\t\t<div class=\"elementor-column elementor-col-50 elementor-top-column elementor-element elementor-element-33ab7bce\" data-id=\"33ab7bce\" data-element_type=\"column\">\n\t\t\t<div class=\"elementor-widget-wrap\">\n\t\t\t\t\t\t\t<\/div>\n\t\t<\/div>\n\t\t\t\t\t<\/div>\n\t\t<\/section>\n\t\t\t\t<section class=\"elementor-section elementor-top-section elementor-element elementor-element-1063471b elementor-section-content-middle elementor-section-boxed elementor-section-height-default elementor-section-height-default wpr-particle-no wpr-jarallax-no wpr-parallax-no wpr-sticky-section-no\" data-id=\"1063471b\" data-element_type=\"section\" data-settings=\"{&quot;background_background&quot;:&quot;classic&quot;}\">\n\t\t\t\t\t\t<div class=\"elementor-container elementor-column-gap-wider\">\n\t\t\t\t\t<div class=\"elementor-column elementor-col-50 elementor-top-column elementor-element elementor-element-785388bf\" data-id=\"785388bf\" data-element_type=\"column\">\n\t\t\t<div class=\"elementor-widget-wrap elementor-element-populated\">\n\t\t\t\t\t\t<div class=\"elementor-element elementor-element-49d8d839 elementor-widget elementor-widget-image\" data-id=\"49d8d839\" data-element_type=\"widget\" data-widget_type=\"image.default\">\n\t\t\t\t<div class=\"elementor-widget-container\">\n\t\t\t\t\t\t\t\t\t\t\t\t\t\t\t<img fetchpriority=\"high\" decoding=\"async\" width=\"800\" height=\"800\" src=\"https:\/\/merakaihostel.com\/wp-content\/uploads\/2023\/02\/Mesa-de-trabajo-3_3-1024x1024.png\" class=\"attachment-large size-large wp-image-667\" alt=\"\" srcset=\"https:\/\/merakaihostel.com\/wp-content\/uploads\/2023\/02\/Mesa-de-trabajo-3_3-1024x1024.png 1024w, https:\/\/merakaihostel.com\/wp-content\/uploads\/2023\/02\/Mesa-de-trabajo-3_3-300x300.png 300w, https:\/\/merakaihostel.com\/wp-content\/uploads\/2023\/02\/Mesa-de-trabajo-3_3-100x100.png 100w, https:\/\/merakaihostel.com\/wp-content\/uploads\/2023\/02\/Mesa-de-trabajo-3_3-600x599.png 600w, https:\/\/merakaihostel.com\/wp-content\/uploads\/2023\/02\/Mesa-de-trabajo-3_3-64x64.png 64w, https:\/\/merakaihostel.com\/wp-content\/uploads\/2023\/02\/Mesa-de-trabajo-3_3-150x150.png 150w, https:\/\/merakaihostel.com\/wp-content\/uploads\/2023\/02\/Mesa-de-trabajo-3_3-768x767.png 768w, https:\/\/merakaihostel.com\/wp-content\/uploads\/2023\/02\/Mesa-de-trabajo-3_3.png 1081w\" sizes=\"(max-width: 800px) 100vw, 800px\" \/>\t\t\t\t\t\t\t\t\t\t\t\t\t\t\t<\/div>\n\t\t\t\t<\/div>\n\t\t\t\t\t<\/div>\n\t\t<\/div>\n\t\t\t\t<div class=\"elementor-column elementor-col-50 elementor-top-column elementor-element elementor-element-1bb3db5b\" data-id=\"1bb3db5b\" data-element_type=\"column\" data-settings=\"{&quot;background_background&quot;:&quot;classic&quot;}\">\n\t\t\t<div class=\"elementor-widget-wrap elementor-element-populated\">\n\t\t\t\t\t\t<div class=\"elementor-element elementor-element-48b89885 elementor-widget elementor-widget-heading\" data-id=\"48b89885\" data-element_type=\"widget\" data-widget_type=\"heading.default\">\n\t\t\t\t<div class=\"elementor-widget-container\">\n\t\t\t\t\t<h2 class=\"elementor-heading-title elementor-size-default\">GENERAL POLICIES <b>MERAKAI HOSTEL<\/b><\/h2>\t\t\t\t<\/div>\n\t\t\t\t<\/div>\n\t\t\t\t<div class=\"elementor-element elementor-element-e518c17 elementor-widget-divider--view-line elementor-widget elementor-widget-divider\" data-id=\"e518c17\" data-element_type=\"widget\" data-widget_type=\"divider.default\">\n\t\t\t\t<div class=\"elementor-widget-container\">\n\t\t\t\t\t\t\t<div class=\"elementor-divider\">\n\t\t\t<span class=\"elementor-divider-separator\">\n\t\t\t\t\t\t<\/span>\n\t\t<\/div>\n\t\t\t\t\t\t<\/div>\n\t\t\t\t<\/div>\n\t\t\t\t<div class=\"elementor-element elementor-element-5f24e35b elementor-widget elementor-widget-text-editor\" data-id=\"5f24e35b\" data-element_type=\"widget\" data-widget_type=\"text-editor.default\">\n\t\t\t\t<div class=\"elementor-widget-container\">\n\t\t\t\t\t\t\t\t\t<p>Experience the magic of our hostel in the most charming corner of Colombia.<\/p>\t\t\t\t\t\t\t\t<\/div>\n\t\t\t\t<\/div>\n\t\t\t\t<div class=\"elementor-element elementor-element-6d3304e8 elementor-widget elementor-widget-text-editor\" data-id=\"6d3304e8\" data-element_type=\"widget\" data-widget_type=\"text-editor.default\">\n\t\t\t\t<div class=\"elementor-widget-container\">\n\t\t\t\t\t\t\t\t\t<p>Check-in time: 2:00 PM \/ Check-out time: 12:00 PM<br \/>\u2022 The air conditioning will be available from 7:00 PM to 7:00 AM.<br \/>\u2022 Children up to 5 years old stay free when sharing the existing bed.<br \/>\u2022 Children aged 6 and older are considered adults for room accommodation purposes.<br \/>\u2022 It is prohibited for anyone under 18 years old to stay in shared rooms.<br \/>\u2022 Somos persona no responsable de IVA, por lo tanto, no entregamos facturaci\u00f3n electr\u00f3nica.<br \/>\u2022 Merakai Hostel provides accommodation and sells beverages (Postob\u00f3n, Bavaria, and Coca-Cola products). \u2022 It does not offer food services; these must be arranged with a third party.<br \/>\u2022 Merakai Hostel is not responsible for services booked with third parties (food, tours, transportation, parking, etc.).<br \/>\u2022 Room check-out is scheduled for 12:00 PM. If the rooms are not available at that time, an additional charge of $50,000 pesos per hour will apply.<br \/>\u2022 Before entering from the beach, please wash your feet in the shower.<br \/>\u2022 The use of hammocks is allowed only if they are dry.<br \/>\u2022 You will have access to the refrigerator, a compartment for storing groceries, and the kitchen. We request that you leave it clean and organized.<br \/>\u2022 If you need to dry clothes, you will find clotheslines on the third floor. Hanging clothes on the railings is not permitted.<br \/>\u2022 The volume of the music should not be excessive and must be turned down by 11:00 PM at the latest.<br \/>\u2022 On weekends with holidays, as well as during peak season, the stay<br \/>the minimum stay is 2 nights.<\/p><p>\u2022 The camping service does not include towels or fans. It includes a mattress, pillows, sheets, access to social areas, and shared bathrooms. The camping area will be located on the terrace.<br \/>\u2022 To use the paddles, you must sign the usage contract and follow the associated policies.<br \/>\u2022 If additional accommodation is needed, an extra mattress service is available per night, only for bunk bed rooms.<br \/>\u2022 Your pets are welcome; however, you must inform us at the time of booking to receive the Pet Friendly regulations. Pets will only be accepted if the guest is in a private room. This policy does not apply to shared rooms (maximum of 5 pets per night).<br \/>\u2022 Services (water, electricity, gas, etc.) provided by Merakai Hostel should be used in accordance with conservation and environmental care guidelines, as we are located in an area with challenging access to basic services. To avoid rationing and ensure service quality and comfort, we request efficient use of water and energy throughout the hostel.<br \/>\u2022 Climbing onto the water tank located on the third floor and accessing any restricted areas of the hostel is prohibited. The individuals or group who book the accommodation service (manager or group representative) will assume responsibility for any accidents resulting from inappropriate behavior or misuse of the hostel's areas.<br \/>\u2022 The use of the third floor (viewing platform), kiosk, terrace, and balconies must be responsible. Minors must always be accompanied by an adult when using these areas. The use of these areas is strictly prohibited if you are under the influence of alcohol or drugs. If you do so, you will assume full responsibility for your actions (including any potential accidents).<br \/>\u2022 To avoid losing room keys, guests are encouraged to leave them at the reception. A charge of $50,000 will be deducted from the deposit for lost keys.<br \/>\u2022 The gray towels in the double and main rooms are for beach use; other rooms must rent them for $5,000. It is strictly prohibited to remove white towels, pillows, or sheets from the room.<br \/>\u2022 One towel per person will be provided for use in the room, if needed.<br \/>toallas adicionales, el valor es de $5.000 c\/u.<\/p><p>\u2022 For your convenience, we offer free shared luggage storage before check-in and after check-out. We have limited space, so please inform us in advance if you require this service.<br \/>\u2022 The reception is open 24 hours a day, 7 days a week, so there will always be a member of the hostel team available to assist with any situation or request.<br \/>\u2022 The consumption of hallucinogenic substances is strictly prohibited inside and around the hostel.<br \/>\u2022 All minors must present their birth certificate. If they are not accompanied by one of their parents or legal guardians, they must present a notarized power of attorney, properly signed and authenticated, authorizing their stay.<br \/>\u2022 Currently, we do not offer electronic invoicing. All our invoices are issued in physical format. We appreciate your understanding.<\/p><p>We kindly request that all guests at our hostel adhere to good and appropriate behavior, as outlined in social norms (National Police Code). This includes respectful treatment of our staff (administrator, receptionists, housekeeping personnel), maintaining moderate noise levels, responsible supervision of minors, proper use of social areas, rational use of essential services such as water and electricity, and careful handling of hostel property (chairs, kitchen, room furnishings, air conditioner remote controls, etc.). These guidelines are in place to ensure good service and your comfort.<\/p><p>Please note that failure to comply with these rules or any other stipulated in the hostel's internal regulations will result in the immediate eviction of the entire group or the guest who violates these rules, with no right to any refund.<\/p>\t\t\t\t\t\t\t\t<\/div>\n\t\t\t\t<\/div>\n\t\t\t\t\t<\/div>\n\t\t<\/div>\n\t\t\t\t\t<\/div>\n\t\t<\/section>\n\t\t\t\t<section class=\"elementor-section elementor-top-section elementor-element elementor-element-10c042bd elementor-section-height-min-height elementor-section-boxed elementor-section-height-default elementor-section-items-middle wpr-particle-no wpr-jarallax-no wpr-parallax-no wpr-sticky-section-no\" data-id=\"10c042bd\" data-element_type=\"section\" data-settings=\"{&quot;background_background&quot;:&quot;classic&quot;}\">\n\t\t\t\t\t\t\t<div class=\"elementor-background-overlay\"><\/div>\n\t\t\t\t\t\t\t<div class=\"elementor-container elementor-column-gap-wider\">\n\t\t\t\t\t<div class=\"elementor-column elementor-col-100 elementor-top-column elementor-element elementor-element-7f55443f\" data-id=\"7f55443f\" data-element_type=\"column\">\n\t\t\t<div class=\"elementor-widget-wrap elementor-element-populated\">\n\t\t\t\t\t\t<div class=\"elementor-element elementor-element-1df1c02d elementor-widget elementor-widget-heading\" data-id=\"1df1c02d\" data-element_type=\"widget\" data-widget_type=\"heading.default\">\n\t\t\t\t<div class=\"elementor-widget-container\">\n\t\t\t\t\t<h2 class=\"elementor-heading-title elementor-size-default\"><b>Our Team<\/b> It is made up of passionate and dedicated people who work hard to ensure your stay is perfect. <\/h2>\t\t\t\t<\/div>\n\t\t\t\t<\/div>\n\t\t\t\t\t<\/div>\n\t\t<\/div>\n\t\t\t\t\t<\/div>\n\t\t<\/section>\n\t\t\t\t<\/div>","protected":false},"excerpt":{"rendered":"<p>POL\u00cdTICAS GENERALES MERAKAI HOSTEL Vive la magia de nuestro hostel en el Rinc\u00f3n m\u00e1s encantador de Colombia. HORA DE CHECK IN 14:00 \/ HORA DE CHECK OUT 12:00 m.\u2022 El aire acondicionado estar\u00e1 habilitado desde las 7:00 pm a las 7:00 am.\u2022 Ni\u00f1os hasta 5 a\u00f1os se hospedan sin cargo compartiendo la cama existente.Ni\u00f1os de 6 a\u00f1os en adelante se cuentan como un adulto y la acomodaci\u00f3n en las habitaciones.\u2022 Est\u00e1 prohibido que un menor de 18 a\u00f1os se hospede en habitaciones compartidas.\u2022 Somos persona no responsable de IVA, por lo tanto, no entregamos facturaci\u00f3n electr\u00f3nica.\u2022 Merakai Hostel presta servicio de hospedaje y venta de bebidas (productos Postob\u00f3n, Bavaria y Coca-Cola). \u2022 No cuenta con servicio de alimentaci\u00f3n, \u00e9ste deber\u00e1 contratarlo con un tercero.\u2022 Merakai Hostel no se hace responsable por servicios que contrate con terceros (alimentaci\u00f3n, tours, transporte, parqueadero, etc.).\u2022 La entrega de las habitaciones (check out) est\u00e1 programada a las 12 m. Si las habitaciones no est\u00e1n disponibles en ese momento, se aplicar\u00e1 un cobro adicional de $50.000 pesos por hora.\u2022 Antes de ingresar de la playa deben lavarse los pies en la ducha.\u2022 El uso de hamacas est\u00e1 permitido solo si est\u00e1n secos.\u2022 Tendr\u00e1n acceso a la nevera, un compartimiento para guardar mercado y la cocina. le solicitamos dejarla limpia y organizada.\u2022 Si necesitan extender ropa en el tercer piso encontraran las cuerdas, no est\u00e1 permitido colgar ropa en las barandas.\u2022 El volumen de la m\u00fasica no debe ser excesivo y m\u00e1ximo hasta las 11 pm.\u2022 Fines de semana con d\u00eda festivo, al igual que en temporada alta la estad\u00edam\u00ednima es de 2 noches. \u2022 El servicio de camping no incluye toalla ni ventilador , se incluye colchoneta, almohadas, sabanas , uso de zonas sociales y ba\u00f1o compartido , estar\u00e1 ubicado en la terraza.\u2022 Para uso de los paddle se debe firmar el contrato de uso y seguir las pol\u00edticas de los mismos.\u2022 Si se necesitara acomodaci\u00f3n adicional, se ofrece el servicio de colchoneta extra por noche , solo para habitaciones de camarotes.\u2022 Sus mascotas ser\u00e1n bienvenidas, sin embargo, deber\u00e1n informarnos al momento de la reserva para enviarles el correspondiente reglamento Pet Friendly; las mascotas s\u00f3lo ser\u00e1n aceptadas si el hu\u00e9sped est\u00e1 en habitaci\u00f3n privada. No aplica para habitaciones compartidas la estad\u00eda de mascotas (m\u00e1ximo 5 mascotas por noche).\u2022 Los servicios (agua, luz, gas, etc.) prestados por Merakai Hostel, deber\u00e1n utilizarse de acuerdo con las normas de ahorro y cuidado del medio ambiente, toda vez que estamos ubicados geogr\u00e1ficamente en una zona de dif\u00edcil acceso los servicios b\u00e1sicos. Por lo anterior, para no tener racionamientos y no afectar el servicio y su comodidad, solicitamos un uso eficiente del agua y energ\u00eda en todo el Hostel.\u2022 Est\u00e1 prohibido subir a la placa tanque ubicada en el tercer piso y cualquier zona del Hostel que este restringido para los hu\u00e9spedes, por lo cual, las personas y grupo que contrata el servicio de hospedaje (manager o representante del grupo) asumir\u00e1n su propia responsabilidad en accidentes que se puedan presentar por su mal comportamiento y mala utilizaci\u00f3n de las zonas del Hostel.\u2022 El uso del tercer piso (mirador), kiosco, terraza y balcones, debe ser de manera responsable por los hu\u00e9spedes, los menores de edad siempre tendr\u00e1n que estar acompa\u00f1ados de un adulto cuando est\u00e9n utilizando estas zonas. Est\u00e1 completamente prohibido el uso de estas \u00e1reas, si se encuentra en estado de alicoramiento o bajo el efecto de sustancias alucin\u00f3genas, si lo hace, estar\u00e1 asumiendo la responsabilidad completa de sus actos (posible accidente).\u2022 Para evitar la p\u00e9rdida de llaves de las habitaciones, se recomienda a los hu\u00e9spedes dejarlas en la recepci\u00f3n, de perder la llave se descontar\u00e1 $50.000 del dep\u00f3sito.\u2022 Las toallas grises de las habitaciones dobles y principal son para la playa, las dem\u00e1s habitaciones deben alquilarlas a $5.000.Est\u00e1 prohibido sin excepci\u00f3n, retirar toallas blancas, almohadas, sabanas de la habitaci\u00f3n.\u2022 Se entregar\u00e1 una toalla por persona para uso en la habitaci\u00f3n, si se requierentoallas adicionales, el valor es de $5.000 c\/u. \u2022 Para su comodidad ofrecemos almacenamiento de equipaje compartido sin costo, antes del check-in y despu\u00e9s del check-out. Contamos con un espacio limitado, por esta raz\u00f3n debe informarnos con anticipaci\u00f3n si requiere de este servicio.\u2022 La recepci\u00f3n est\u00e1 abierta las 24 horas, los 7 d\u00edas de la semana, por lo que siempre habr\u00e1 un integrante del equipo del Hostel, dispuesto a colaborar ante cualquier situaci\u00f3n o requerimiento.\u2022 Est\u00e1 completamente prohibido el consumo de sustancias alucin\u00f3genas dentro y en los alrededores del Hostel.\u2022 Todos los menores de edad deben presentarse con su registro civil. En caso de no estar acompa\u00f1ados por uno de sus padres o tutores legales, deber\u00e1n presentar un poder notarial debidamente firmado y autenticado que autorice su estancia.\u2022 Actualmente, no ofrecemos facturaci\u00f3n electr\u00f3nica. Todas nuestras facturas se emiten en formato f\u00edsico. Agradecemos su comprensi\u00f3n. Se solicita amablemente, a todos los hu\u00e9spedes de nuestro Hostel, un buen y adecuado comportamiento, contemplado dentro de las normas sociales (C\u00f3digo Nacional de Polic\u00eda), trato respetuoso hac\u00eda nuestros colaboradores (administrador, recepcionistas, auxiliares de aseo), ruido moderado, el manejo y cuidado responsable de los menores de edad, uso adecuado de las zonas sociales, uso racional de servicios esenciales como el agua y la luz, cuidado de los bienes del Hostel (sillas, cocina, dotaci\u00f3n de las habitaciones, control remoto de los aires acondicionados, etc.) y dem\u00e1s, que hacen parte del mismo y que est\u00e1n a su disponibilidad para prestar un buen servicio y para su comodidad. Por favor tenga en cuenta que el incumplimiento de estas normas o cualquier otra estipulada en el reglamento interno del Hostel, tendr\u00e1n como consecuencia la solicitud de desalojo inmediato del grupo completo o del hu\u00e9sped que incurra en alguna de estas faltas, sin derecho a reembolso alguno de dinero. Nuestro equipo est\u00e1 compuesto por personas apasionadas y dedicadas que trabajan arduamente para que tu estancia sea perfecta.<\/p>","protected":false},"author":2,"featured_media":0,"parent":0,"menu_order":0,"comment_status":"closed","ping_status":"closed","template":"elementor_header_footer","meta":{"_joinchat":[],"footnotes":""},"class_list":["post-1142","page","type-page","status-publish","hentry"],"_links":{"self":[{"href":"https:\/\/merakaihostel.com\/en\/wp-json\/wp\/v2\/pages\/1142"}],"collection":[{"href":"https:\/\/merakaihostel.com\/en\/wp-json\/wp\/v2\/pages"}],"about":[{"href":"https:\/\/merakaihostel.com\/en\/wp-json\/wp\/v2\/types\/page"}],"author":[{"embeddable":true,"href":"https:\/\/merakaihostel.com\/en\/wp-json\/wp\/v2\/users\/2"}],"replies":[{"embeddable":true,"href":"https:\/\/merakaihostel.com\/en\/wp-json\/wp\/v2\/comments?post=1142"}],"version-history":[{"count":22,"href":"https:\/\/merakaihostel.com\/en\/wp-json\/wp\/v2\/pages\/1142\/revisions"}],"predecessor-version":[{"id":1668,"href":"https:\/\/merakaihostel.com\/en\/wp-json\/wp\/v2\/pages\/1142\/revisions\/1668"}],"wp:attachment":[{"href":"https:\/\/merakaihostel.com\/en\/wp-json\/wp\/v2\/media?parent=1142"}],"curies":[{"name":"wp","href":"https:\/\/api.w.org\/{rel}","templated":true}]}}