{"id":917,"date":"2024-08-08T13:24:57","date_gmt":"2024-08-08T13:24:57","guid":{"rendered":"https:\/\/merakaihostel.com\/?page_id=917"},"modified":"2024-09-03T16:06:41","modified_gmt":"2024-09-03T16:06:41","slug":"preguntas-frecuentes","status":"publish","type":"page","link":"https:\/\/merakaihostel.com\/en\/preguntas-frecuentes\/","title":{"rendered":"Frequently Asked Questions"},"content":{"rendered":"<div data-elementor-type=\"wp-page\" data-elementor-id=\"917\" class=\"elementor elementor-917\" data-elementor-post-type=\"page\">\n\t\t\t\t\t\t<section class=\"elementor-section elementor-top-section elementor-element elementor-element-7a9dc677 elementor-section-height-min-height elementor-section-boxed elementor-section-height-default elementor-section-items-middle wpr-particle-no wpr-jarallax-no wpr-parallax-no wpr-sticky-section-no\" data-id=\"7a9dc677\" data-element_type=\"section\" data-settings=\"{&quot;background_background&quot;:&quot;slideshow&quot;,&quot;background_slideshow_gallery&quot;:[{&quot;id&quot;:934,&quot;url&quot;:&quot;https:\\\/\\\/merakaihostel.com\\\/wp-content\\\/uploads\\\/2024\\\/08\\\/IMG_2355-scaled.jpg&quot;},{&quot;id&quot;:935,&quot;url&quot;:&quot;https:\\\/\\\/merakaihostel.com\\\/wp-content\\\/uploads\\\/2024\\\/08\\\/IMG_2367-scaled.jpg&quot;}],&quot;background_slideshow_slide_transition&quot;:&quot;slide_left&quot;,&quot;background_slideshow_lazyload&quot;:&quot;yes&quot;,&quot;background_slideshow_ken_burns&quot;:&quot;yes&quot;,&quot;background_slideshow_loop&quot;:&quot;yes&quot;,&quot;background_slideshow_slide_duration&quot;:5000,&quot;background_slideshow_transition_duration&quot;:500,&quot;background_slideshow_ken_burns_zoom_direction&quot;:&quot;in&quot;}\">\n\t\t\t\t\t\t\t<div class=\"elementor-background-overlay\"><\/div>\n\t\t\t\t\t\t\t<div class=\"elementor-container elementor-column-gap-wider\">\n\t\t\t\t\t<div class=\"elementor-column elementor-col-50 elementor-top-column elementor-element elementor-element-770b523a\" data-id=\"770b523a\" data-element_type=\"column\">\n\t\t\t<div class=\"elementor-widget-wrap elementor-element-populated\">\n\t\t\t\t\t\t<div class=\"elementor-element elementor-element-2c5e6eba elementor-widget elementor-widget-heading\" data-id=\"2c5e6eba\" data-element_type=\"widget\" data-widget_type=\"heading.default\">\n\t\t\t\t<div class=\"elementor-widget-container\">\n\t\t\t\t\t<h2 class=\"elementor-heading-title elementor-size-default\">Frequently Asked Questions<\/h2>\t\t\t\t<\/div>\n\t\t\t\t<\/div>\n\t\t\t\t<div class=\"elementor-element elementor-element-be310f5 elementor-widget-divider--view-line elementor-widget elementor-widget-divider\" data-id=\"be310f5\" data-element_type=\"widget\" data-widget_type=\"divider.default\">\n\t\t\t\t<div class=\"elementor-widget-container\">\n\t\t\t\t\t\t\t<div class=\"elementor-divider\">\n\t\t\t<span class=\"elementor-divider-separator\">\n\t\t\t\t\t\t<\/span>\n\t\t<\/div>\n\t\t\t\t\t\t<\/div>\n\t\t\t\t<\/div>\n\t\t\t\t\t<\/div>\n\t\t<\/div>\n\t\t\t\t<div class=\"elementor-column elementor-col-50 elementor-top-column elementor-element elementor-element-5f348f19\" data-id=\"5f348f19\" data-element_type=\"column\">\n\t\t\t<div class=\"elementor-widget-wrap\">\n\t\t\t\t\t\t\t<\/div>\n\t\t<\/div>\n\t\t\t\t\t<\/div>\n\t\t<\/section>\n\t\t\t\t<section class=\"elementor-section elementor-top-section elementor-element elementor-element-4f254001 elementor-section-boxed elementor-section-height-default elementor-section-height-default wpr-particle-no wpr-jarallax-no wpr-parallax-no wpr-sticky-section-no\" data-id=\"4f254001\" data-element_type=\"section\">\n\t\t\t\t\t\t<div class=\"elementor-container elementor-column-gap-default\">\n\t\t\t\t\t<div class=\"elementor-column elementor-col-100 elementor-top-column elementor-element elementor-element-629f97cb\" data-id=\"629f97cb\" data-element_type=\"column\">\n\t\t\t<div class=\"elementor-widget-wrap elementor-element-populated\">\n\t\t\t\t\t\t<div class=\"elementor-element elementor-element-4fa6e3ff elementor-widget elementor-widget-heading\" data-id=\"4fa6e3ff\" data-element_type=\"widget\" data-widget_type=\"heading.default\">\n\t\t\t\t<div class=\"elementor-widget-container\">\n\t\t\t\t\t<h2 class=\"elementor-heading-title elementor-size-default\">FAQ<\/h2>\t\t\t\t<\/div>\n\t\t\t\t<\/div>\n\t\t\t\t<div class=\"elementor-element elementor-element-6cf2aac3 elementor-widget elementor-widget-heading\" data-id=\"6cf2aac3\" data-element_type=\"widget\" data-widget_type=\"heading.default\">\n\t\t\t\t<div class=\"elementor-widget-container\">\n\t\t\t\t\t<h2 class=\"elementor-heading-title elementor-size-default\">Frequently Asked Questions<\/h2>\t\t\t\t<\/div>\n\t\t\t\t<\/div>\n\t\t\t\t<section class=\"elementor-section elementor-inner-section elementor-element elementor-element-46cae6b6 elementor-section-boxed elementor-section-height-default elementor-section-height-default wpr-particle-no wpr-jarallax-no wpr-parallax-no wpr-sticky-section-no\" data-id=\"46cae6b6\" data-element_type=\"section\">\n\t\t\t\t\t\t<div class=\"elementor-container elementor-column-gap-default\">\n\t\t\t\t\t<div class=\"elementor-column elementor-col-50 elementor-inner-column elementor-element elementor-element-59bcf5df\" data-id=\"59bcf5df\" data-element_type=\"column\">\n\t\t\t<div class=\"elementor-widget-wrap elementor-element-populated\">\n\t\t\t\t\t\t<div class=\"elementor-element elementor-element-50ac3363 elementor-widget elementor-widget-accordion\" data-id=\"50ac3363\" data-element_type=\"widget\" data-widget_type=\"accordion.default\">\n\t\t\t\t<div class=\"elementor-widget-container\">\n\t\t\t\t\t\t\t<div class=\"elementor-accordion\">\n\t\t\t\t\t\t\t<div class=\"elementor-accordion-item\">\n\t\t\t\t\t<div id=\"elementor-tab-title-1351\" class=\"elementor-tab-title\" data-tab=\"1\" role=\"button\" aria-controls=\"elementor-tab-content-1351\" aria-expanded=\"false\">\n\t\t\t\t\t\t\t\t\t\t\t\t\t<span class=\"elementor-accordion-icon elementor-accordion-icon-right\" aria-hidden=\"true\">\n\t\t\t\t\t\t\t\t\t\t\t\t\t\t\t<span class=\"elementor-accordion-icon-closed\"><i class=\"fas fa-caret-down\"><\/i><\/span>\n\t\t\t\t\t\t\t\t<span class=\"elementor-accordion-icon-opened\"><i class=\"fas fa-caret-up\"><\/i><\/span>\n\t\t\t\t\t\t\t\t\t\t\t\t\t\t<\/span>\n\t\t\t\t\t\t\t\t\t\t\t\t<a class=\"elementor-accordion-title\" tabindex=\"0\">How to Get There?<\/a>\n\t\t\t\t\t<\/div>\n\t\t\t\t\t<div id=\"elementor-tab-content-1351\" class=\"elementor-tab-content elementor-clearfix\" data-tab=\"1\" role=\"region\" aria-labelledby=\"elementor-tab-title-1351\"><p><span style=\"font-weight: 400;\">&#8211;<\/span><b>Flight to Cartagena or Monter\u00eda:<\/b><\/p><ul><li style=\"font-weight: 400;\" aria-level=\"1\"><b>Duration:<\/b><span style=\"font-weight: 400;\"> 1.5 hours from Bogot\u00e1 or any other location within the country<\/span><\/li><li style=\"font-weight: 400;\" aria-level=\"1\"><b>Description:<\/b><span style=\"font-weight: 400;\"> Take a direct flight to Rafael N\u00fa\u00f1ez International Airport in Cartagena or Los Garzones Airport in Monter\u00eda. These are the closest airports to Rinc\u00f3n del Mar.<\/span><\/li><\/ul><p><b>Ground Transportation:<\/b><\/p><ul><li style=\"font-weight: 400;\" aria-level=\"1\"><b>From Cartagena:<\/b><ul><li style=\"font-weight: 400;\" aria-level=\"2\"><b>Duration:<\/b><span style=\"font-weight: 400;\"> 2 horas.<\/span><\/li><li style=\"font-weight: 400;\" aria-level=\"2\"><b>Description:<\/b><span style=\"font-weight: 400;\"> Once in Cartagena, you can take private transportation, a taxi, or a bus to San Onofre. From there, a mototaxi or vehicle will take you to Rinc\u00f3n del Mar (approximately 20 minutes).<\/span><\/li><\/ul><\/li><li style=\"font-weight: 400;\" aria-level=\"1\"><b>From Monter\u00eda:<\/b><ul><li style=\"font-weight: 400;\" aria-level=\"2\"><b>Duration:<\/b><span style=\"font-weight: 400;\"> 2.5 hours.<\/span><\/li><li style=\"font-weight: 400;\" aria-level=\"2\"><b>Description:<\/b><span style=\"font-weight: 400;\"> If you fly to Monter\u00eda, you can take private transportation or a bus to San Onofre, and then a mototaxi or vehicle to Rinc\u00f3n del Mar.<\/span><\/li><\/ul><\/li><\/ul><p><b>Private Transportation Option:<\/b><\/p><p><b>Description:<\/b><span style=\"font-weight: 400;\"> For added convenience, you can arrange a private transportation service directly from the airport in Cartagena or Monter\u00eda to Rinc\u00f3n del Mar. This option is ideal if you're traveling in a group or prefer to avoid multiple transfers.<\/span><\/p><p>\u00a0<\/p><\/div>\n\t\t\t\t<\/div>\n\t\t\t\t\t\t\t<div class=\"elementor-accordion-item\">\n\t\t\t\t\t<div id=\"elementor-tab-title-1352\" class=\"elementor-tab-title\" data-tab=\"2\" role=\"button\" aria-controls=\"elementor-tab-content-1352\" aria-expanded=\"false\">\n\t\t\t\t\t\t\t\t\t\t\t\t\t<span class=\"elementor-accordion-icon elementor-accordion-icon-right\" aria-hidden=\"true\">\n\t\t\t\t\t\t\t\t\t\t\t\t\t\t\t<span class=\"elementor-accordion-icon-closed\"><i class=\"fas fa-caret-down\"><\/i><\/span>\n\t\t\t\t\t\t\t\t<span class=\"elementor-accordion-icon-opened\"><i class=\"fas fa-caret-up\"><\/i><\/span>\n\t\t\t\t\t\t\t\t\t\t\t\t\t\t<\/span>\n\t\t\t\t\t\t\t\t\t\t\t\t<a class=\"elementor-accordion-title\" tabindex=\"0\">Are Pets Allowed?<\/a>\n\t\t\t\t\t<\/div>\n\t\t\t\t\t<div id=\"elementor-tab-content-1352\" class=\"elementor-tab-content elementor-clearfix\" data-tab=\"2\" role=\"region\" aria-labelledby=\"elementor-tab-title-1352\"><p><span style=\"font-weight: 400;\">At Merakai Hostel, we understand that your pets are part of the family, which is why we welcome them with open arms. Here, both you and your furry friend can enjoy the beauty of Rinc\u00f3n del Mar together.<\/span><\/p><\/div>\n\t\t\t\t<\/div>\n\t\t\t\t\t\t\t<div class=\"elementor-accordion-item\">\n\t\t\t\t\t<div id=\"elementor-tab-title-1353\" class=\"elementor-tab-title\" data-tab=\"3\" role=\"button\" aria-controls=\"elementor-tab-content-1353\" aria-expanded=\"false\">\n\t\t\t\t\t\t\t\t\t\t\t\t\t<span class=\"elementor-accordion-icon elementor-accordion-icon-right\" aria-hidden=\"true\">\n\t\t\t\t\t\t\t\t\t\t\t\t\t\t\t<span class=\"elementor-accordion-icon-closed\"><i class=\"fas fa-caret-down\"><\/i><\/span>\n\t\t\t\t\t\t\t\t<span class=\"elementor-accordion-icon-opened\"><i class=\"fas fa-caret-up\"><\/i><\/span>\n\t\t\t\t\t\t\t\t\t\t\t\t\t\t<\/span>\n\t\t\t\t\t\t\t\t\t\t\t\t<a class=\"elementor-accordion-title\" tabindex=\"0\">Is it a kid-friendly place?<\/a>\n\t\t\t\t\t<\/div>\n\t\t\t\t\t<div id=\"elementor-tab-content-1353\" class=\"elementor-tab-content elementor-clearfix\" data-tab=\"3\" role=\"region\" aria-labelledby=\"elementor-tab-title-1353\"><p><span style=\"font-weight: 400;\">At Merakai Hostel, the little ones are also welcomed and can enjoy the calm and crystal-clear waters of Rinc\u00f3n del Mar with peace of mind.<\/span><\/p><\/div>\n\t\t\t\t<\/div>\n\t\t\t\t\t\t\t<div class=\"elementor-accordion-item\">\n\t\t\t\t\t<div id=\"elementor-tab-title-1354\" class=\"elementor-tab-title\" data-tab=\"4\" role=\"button\" aria-controls=\"elementor-tab-content-1354\" aria-expanded=\"false\">\n\t\t\t\t\t\t\t\t\t\t\t\t\t<span class=\"elementor-accordion-icon elementor-accordion-icon-right\" aria-hidden=\"true\">\n\t\t\t\t\t\t\t\t\t\t\t\t\t\t\t<span class=\"elementor-accordion-icon-closed\"><i class=\"fas fa-caret-down\"><\/i><\/span>\n\t\t\t\t\t\t\t\t<span class=\"elementor-accordion-icon-opened\"><i class=\"fas fa-caret-up\"><\/i><\/span>\n\t\t\t\t\t\t\t\t\t\t\t\t\t\t<\/span>\n\t\t\t\t\t\t\t\t\t\t\t\t<a class=\"elementor-accordion-title\" tabindex=\"0\">Do you have a restaurant?<\/a>\n\t\t\t\t\t<\/div>\n\t\t\t\t\t<div id=\"elementor-tab-content-1354\" class=\"elementor-tab-content elementor-clearfix\" data-tab=\"4\" role=\"region\" aria-labelledby=\"elementor-tab-title-1354\"><p><span style=\"font-weight: 400;\">Merakai Hostel does not have a restaurant, but it does offer a fully equipped open kitchen where you can prepare your own meals if you wish. You are welcome to bring your own food without any inconvenience.\u00a0<\/span><\/p><p><span style=\"font-weight: 400;\">If you want to savor the local cuisine, you can also do so. Ask at the reception for local dining recommendations\u2014you'll love it!<\/span><\/p><\/div>\n\t\t\t\t<\/div>\n\t\t\t\t\t\t\t\t<\/div>\n\t\t\t\t\t\t<\/div>\n\t\t\t\t<\/div>\n\t\t\t\t\t<\/div>\n\t\t<\/div>\n\t\t\t\t<div class=\"elementor-column elementor-col-50 elementor-inner-column elementor-element elementor-element-6ae6177c\" data-id=\"6ae6177c\" data-element_type=\"column\">\n\t\t\t<div class=\"elementor-widget-wrap elementor-element-populated\">\n\t\t\t\t\t\t<div class=\"elementor-element elementor-element-7b323a4e elementor-widget elementor-widget-accordion\" data-id=\"7b323a4e\" data-element_type=\"widget\" data-widget_type=\"accordion.default\">\n\t\t\t\t<div class=\"elementor-widget-container\">\n\t\t\t\t\t\t\t<div class=\"elementor-accordion\">\n\t\t\t\t\t\t\t<div class=\"elementor-accordion-item\">\n\t\t\t\t\t<div id=\"elementor-tab-title-2061\" class=\"elementor-tab-title\" data-tab=\"1\" role=\"button\" aria-controls=\"elementor-tab-content-2061\" aria-expanded=\"false\">\n\t\t\t\t\t\t\t\t\t\t\t\t\t<span class=\"elementor-accordion-icon elementor-accordion-icon-right\" aria-hidden=\"true\">\n\t\t\t\t\t\t\t\t\t\t\t\t\t\t\t<span class=\"elementor-accordion-icon-closed\"><i class=\"fas fa-caret-down\"><\/i><\/span>\n\t\t\t\t\t\t\t\t<span class=\"elementor-accordion-icon-opened\"><i class=\"fas fa-caret-up\"><\/i><\/span>\n\t\t\t\t\t\t\t\t\t\t\t\t\t\t<\/span>\n\t\t\t\t\t\t\t\t\t\t\t\t<a class=\"elementor-accordion-title\" tabindex=\"0\">What is the best time to visit Rinc\u00f3n del Mar?<\/a>\n\t\t\t\t\t<\/div>\n\t\t\t\t\t<div id=\"elementor-tab-content-2061\" class=\"elementor-tab-content elementor-clearfix\" data-tab=\"1\" role=\"region\" aria-labelledby=\"elementor-tab-title-2061\"><p><span style=\"font-weight: 400;\">Rinc\u00f3n del Mar is pleasant throughout the year, but the dry months from December to April are ideal for enjoying the beaches and outdoor activities.<\/span><\/p><\/div>\n\t\t\t\t<\/div>\n\t\t\t\t\t\t\t<div class=\"elementor-accordion-item\">\n\t\t\t\t\t<div id=\"elementor-tab-title-2062\" class=\"elementor-tab-title\" data-tab=\"2\" role=\"button\" aria-controls=\"elementor-tab-content-2062\" aria-expanded=\"false\">\n\t\t\t\t\t\t\t\t\t\t\t\t\t<span class=\"elementor-accordion-icon elementor-accordion-icon-right\" aria-hidden=\"true\">\n\t\t\t\t\t\t\t\t\t\t\t\t\t\t\t<span class=\"elementor-accordion-icon-closed\"><i class=\"fas fa-caret-down\"><\/i><\/span>\n\t\t\t\t\t\t\t\t<span class=\"elementor-accordion-icon-opened\"><i class=\"fas fa-caret-up\"><\/i><\/span>\n\t\t\t\t\t\t\t\t\t\t\t\t\t\t<\/span>\n\t\t\t\t\t\t\t\t\t\t\t\t<a class=\"elementor-accordion-title\" tabindex=\"0\">Is it safe to visit Rinc\u00f3n del Mar?<\/a>\n\t\t\t\t\t<\/div>\n\t\t\t\t\t<div id=\"elementor-tab-content-2062\" class=\"elementor-tab-content elementor-clearfix\" data-tab=\"2\" role=\"region\" aria-labelledby=\"elementor-tab-title-2062\"><p><span style=\"font-weight: 400;\">Yes, Rinc\u00f3n del Mar is a safe place for tourists. As with any destination, it is recommended to take basic precautions and respect local regulations.<\/span><\/p><\/div>\n\t\t\t\t<\/div>\n\t\t\t\t\t\t\t<div class=\"elementor-accordion-item\">\n\t\t\t\t\t<div id=\"elementor-tab-title-2063\" class=\"elementor-tab-title\" data-tab=\"3\" role=\"button\" aria-controls=\"elementor-tab-content-2063\" aria-expanded=\"false\">\n\t\t\t\t\t\t\t\t\t\t\t\t\t<span class=\"elementor-accordion-icon elementor-accordion-icon-right\" aria-hidden=\"true\">\n\t\t\t\t\t\t\t\t\t\t\t\t\t\t\t<span class=\"elementor-accordion-icon-closed\"><i class=\"fas fa-caret-down\"><\/i><\/span>\n\t\t\t\t\t\t\t\t<span class=\"elementor-accordion-icon-opened\"><i class=\"fas fa-caret-up\"><\/i><\/span>\n\t\t\t\t\t\t\t\t\t\t\t\t\t\t<\/span>\n\t\t\t\t\t\t\t\t\t\t\t\t<a class=\"elementor-accordion-title\" tabindex=\"0\">Are there ATMs in Rinc\u00f3n del Mar?<\/a>\n\t\t\t\t\t<\/div>\n\t\t\t\t\t<div id=\"elementor-tab-content-2063\" class=\"elementor-tab-content elementor-clearfix\" data-tab=\"3\" role=\"region\" aria-labelledby=\"elementor-tab-title-2063\"><p><span style=\"font-weight: 400;\">No, there are no ATMs in Rinc\u00f3n del Mar. It is advisable to bring cash from your place of origin, as many places do not accept cards.<\/span><\/p><p>\u00a0<\/p><\/div>\n\t\t\t\t<\/div>\n\t\t\t\t\t\t\t<div class=\"elementor-accordion-item\">\n\t\t\t\t\t<div id=\"elementor-tab-title-2064\" class=\"elementor-tab-title\" data-tab=\"4\" role=\"button\" aria-controls=\"elementor-tab-content-2064\" aria-expanded=\"false\">\n\t\t\t\t\t\t\t\t\t\t\t\t\t<span class=\"elementor-accordion-icon elementor-accordion-icon-right\" aria-hidden=\"true\">\n\t\t\t\t\t\t\t\t\t\t\t\t\t\t\t<span class=\"elementor-accordion-icon-closed\"><i class=\"fas fa-caret-down\"><\/i><\/span>\n\t\t\t\t\t\t\t\t<span class=\"elementor-accordion-icon-opened\"><i class=\"fas fa-caret-up\"><\/i><\/span>\n\t\t\t\t\t\t\t\t\t\t\t\t\t\t<\/span>\n\t\t\t\t\t\t\t\t\t\t\t\t<a class=\"elementor-accordion-title\" tabindex=\"0\">Is there internet and cell phone signal in Rinc\u00f3n del Mar?<\/a>\n\t\t\t\t\t<\/div>\n\t\t\t\t\t<div id=\"elementor-tab-content-2064\" class=\"elementor-tab-content elementor-clearfix\" data-tab=\"4\" role=\"region\" aria-labelledby=\"elementor-tab-title-2064\"><p><span style=\"font-weight: 400;\">Cell phone signal and internet can be intermittent in some areas of Rinc\u00f3n del Mar. However, at Merakai, you have free Wi-Fi throughout the hostel.<\/span><\/p><\/div>\n\t\t\t\t<\/div>\n\t\t\t\t\t\t\t\t<\/div>\n\t\t\t\t\t\t<\/div>\n\t\t\t\t<\/div>\n\t\t\t\t\t<\/div>\n\t\t<\/div>\n\t\t\t\t\t<\/div>\n\t\t<\/section>\n\t\t\t\t\t<\/div>\n\t\t<\/div>\n\t\t\t\t\t<\/div>\n\t\t<\/section>\n\t\t\t\t<section class=\"elementor-section elementor-top-section elementor-element elementor-element-dec5787 elementor-section-boxed elementor-section-height-default elementor-section-height-default wpr-particle-no wpr-jarallax-no wpr-parallax-no wpr-sticky-section-no\" data-id=\"dec5787\" data-element_type=\"section\">\n\t\t\t\t\t\t<div class=\"elementor-container elementor-column-gap-default\">\n\t\t\t\t\t<div class=\"elementor-column elementor-col-100 elementor-top-column elementor-element elementor-element-480d3c0\" data-id=\"480d3c0\" data-element_type=\"column\">\n\t\t\t<div class=\"elementor-widget-wrap elementor-element-populated\">\n\t\t\t\t\t\t<div class=\"elementor-element elementor-element-f594332 elementor-widget elementor-widget-spacer\" data-id=\"f594332\" data-element_type=\"widget\" data-widget_type=\"spacer.default\">\n\t\t\t\t<div class=\"elementor-widget-container\">\n\t\t\t\t\t\t\t<div class=\"elementor-spacer\">\n\t\t\t<div class=\"elementor-spacer-inner\"><\/div>\n\t\t<\/div>\n\t\t\t\t\t\t<\/div>\n\t\t\t\t<\/div>\n\t\t\t\t\t<\/div>\n\t\t<\/div>\n\t\t\t\t\t<\/div>\n\t\t<\/section>\n\t\t\t\t<\/div>","protected":false},"excerpt":{"rendered":"<p>FAQ Preguntas Frecuentes \u00bfC\u00f3mo llegar? &#8211;Vuelo a Cartagena o Monter\u00eda: Duraci\u00f3n: 1.5 horas desde Bogot\u00e1 o cualquier lugar del interior del pa\u00eds Descripci\u00f3n: Toma un vuelo directo al Aeropuerto Internacional Rafael N\u00fa\u00f1ez en Cartagena o al Aeropuerto Los Garzones en Monter\u00eda. Estos son los aeropuertos m\u00e1s cercanos a Rinc\u00f3n del Mar. Transporte Terrestre: Desde Cartagena: Duraci\u00f3n: 2 horas. Descripci\u00f3n: Una vez en Cartagena, puedes tomar un transporte privado, un taxi, o un bus hacia San Onofre. Desde all\u00ed, un mototaxi o veh\u00edculo te llevar\u00e1 a Rinc\u00f3n del Mar (aproximadamente 20 minutos). Desde Monter\u00eda: Duraci\u00f3n: 2.5 horas. Descripci\u00f3n: Si vuelas a Monter\u00eda, puedes tomar un transporte privado o un bus hasta San Onofre y luego un mototaxi o veh\u00edculo a Rinc\u00f3n del Mar. Opci\u00f3n de Transporte Privado: Descripci\u00f3n: Para mayor comodidad, puedes coordinar un servicio de transporte privado directamente desde el aeropuerto en Cartagena o Monter\u00eda hasta Rinc\u00f3n del Mar. Esta opci\u00f3n es ideal si viajas en grupo o prefieres evitar cambios de transporte \u00a0 \u00bfPueden ir Mascotas? En Merakai Hostel, entendemos que tus mascotas son parte de la familia, por eso las recibimos con los brazos abiertos. Aqu\u00ed, tanto t\u00fa como tu amigo de cuatro patas podr\u00e1n disfrutar de la belleza de Rinc\u00f3n del Mar juntos. \u00bfEs un lugar apto para ni\u00f1os? Merakai Hostel, los m\u00e1s peque\u00f1os tambi\u00e9n son recibidos, podr\u00e1n disfrutar con tranquilidad de las aguas tranquilas y cristalinas de Rinc\u00f3n del Mar. \u00bfTienen restaurante? Merakai hostel no cuenta con restaurante, pero s\u00ed con una cocina abierta completamente equipada para que puedas preparar tus alimentos si lo deseas, es decir, que puedes ingresar tus alimentos sin ning\u00fan inconveniente.\u00a0 Si quieres deleitarte con el sabor de la gastronom\u00eda local tambi\u00e9n lo puedes realizar, pregunta en recepci\u00f3n por las ofertas locales, \u00a1Te encantar\u00e1! \u00bfCu\u00e1l es la mejor \u00e9poca para visitar Rinc\u00f3n del Mar? Rinc\u00f3n del Mar es agradable durante todo el a\u00f1o, pero los meses secos, de diciembre a abril, son ideales para disfrutar de las playas y actividades al aire libre. \u00bfEs seguro visitar Rinc\u00f3n del Mar? S\u00ed, Rinc\u00f3n del Mar es un lugar seguro para los turistas. Como en cualquier destino, se recomienda tomar precauciones b\u00e1sicas y respetar las normas locales. \u00bfHay cajeros autom\u00e1ticos en Rinc\u00f3n del Mar? No, en Rinc\u00f3n del Mar no hay cajeros autom\u00e1ticos. Es recomendable llevar efectivo desde tu lugar de origen, ya que en muchos lugares no aceptan tarjeta. \u00a0 \u00bfHay se\u00f1al de internet y celular en Rinc\u00f3n del Mar? La se\u00f1al de celular y el internet pueden ser intermitentes en algunas \u00e1reas de Rinc\u00f3n del Mar. Sin embargo, en Merakai tienes wifi gratis en todo el hostel.<\/p>","protected":false},"author":2,"featured_media":0,"parent":0,"menu_order":0,"comment_status":"closed","ping_status":"closed","template":"elementor_header_footer","meta":{"_joinchat":[],"footnotes":""},"class_list":["post-917","page","type-page","status-publish","hentry"],"_links":{"self":[{"href":"https:\/\/merakaihostel.com\/en\/wp-json\/wp\/v2\/pages\/917"}],"collection":[{"href":"https:\/\/merakaihostel.com\/en\/wp-json\/wp\/v2\/pages"}],"about":[{"href":"https:\/\/merakaihostel.com\/en\/wp-json\/wp\/v2\/types\/page"}],"author":[{"embeddable":true,"href":"https:\/\/merakaihostel.com\/en\/wp-json\/wp\/v2\/users\/2"}],"replies":[{"embeddable":true,"href":"https:\/\/merakaihostel.com\/en\/wp-json\/wp\/v2\/comments?post=917"}],"version-history":[{"count":22,"href":"https:\/\/merakaihostel.com\/en\/wp-json\/wp\/v2\/pages\/917\/revisions"}],"predecessor-version":[{"id":1647,"href":"https:\/\/merakaihostel.com\/en\/wp-json\/wp\/v2\/pages\/917\/revisions\/1647"}],"wp:attachment":[{"href":"https:\/\/merakaihostel.com\/en\/wp-json\/wp\/v2\/media?parent=917"}],"curies":[{"name":"wp","href":"https:\/\/api.w.org\/{rel}","templated":true}]}}